{"id":1646,"date":"2024-01-15T17:19:33","date_gmt":"2024-01-15T17:19:33","guid":{"rendered":"https:\/\/bouchequirit.com\/tienda\/?post_type=product&#038;p=1646"},"modified":"2024-01-15T17:26:29","modified_gmt":"2024-01-15T17:26:29","slug":"chuleton-la-bouche","status":"publish","type":"product","link":"https:\/\/bouchequirit.com\/tienda\/product\/chuleton-la-bouche\/","title":{"rendered":"CHULET\u00d3N &#8220;LA BOUCHE&#8221;"},"content":{"rendered":"<h3>Chulet\u00f3n &#8211; (al vac\u00edo) 900gr &#8211; 1kg<\/h3>\n<p>Chulet\u00f3n de 30 d\u00edas de maduraci\u00f3n, sabor delicado. Raza seg\u00fan disponibilidad: Limousine o Charolaise o Rubia de Aquitania.<br \/>\nPeso aprox. por unidad 900g-1kg<br \/>\nConsumo preferente: antes de 7 d\u00edas<\/p>\n","protected":false},"excerpt":{"rendered":"<h3>Chulet\u00f3n &#8211; (al vac\u00edo) 900gr &#8211; 1kg<\/h3>\n<p>Chulet\u00f3n de 30 d\u00edas de maduraci\u00f3n, sabor delicado. Raza seg\u00fan disponibilidad: Limousine o Charolaise o Rubia de Aquitania.<br \/>\nPeso aprox. por unidad 900g-1kg<br \/>\nConsumo preferente: antes de 7 d\u00edas<\/p>\n<p>&nbsp;<\/p>\n<p>&nbsp;<\/p>\n<p>&nbsp;<\/p>\n","protected":false},"featured_media":1647,"template":"","meta":[],"product_cat":[48],"product_tag":[],"class_list":["post-1646","product","type-product","status-publish","has-post-thumbnail","hentry","product_cat-vaca"],"yoast_head":"<!-- This site is optimized with the Yoast SEO plugin v21.8 - https:\/\/yoast.com\/wordpress\/plugins\/seo\/ -->\n<title>CHULET\u00d3N &quot;LA BOUCHE&quot; - Tienda La bouche qui rit<\/title>\n<meta name=\"robots\" content=\"index, follow, max-snippet:-1, max-image-preview:large, max-video-preview:-1\" \/>\n<link rel=\"canonical\" href=\"https:\/\/bouchequirit.com\/tienda\/product\/chuleton-la-bouche\/\" \/>\n<meta property=\"og:locale\" content=\"es_ES\" \/>\n<meta property=\"og:type\" content=\"article\" \/>\n<meta property=\"og:title\" content=\"CHULET\u00d3N &quot;LA BOUCHE&quot; - Tienda La bouche qui rit\" \/>\n<meta property=\"og:description\" content=\"Chulet\u00f3n - (al vac\u00edo) 900gr - 1kg Chulet\u00f3n de 30 d\u00edas de maduraci\u00f3n, sabor delicado. Raza seg\u00fan disponibilidad: Limousine o Charolaise o Rubia de Aquitania. Peso aprox. por unidad 900g-1kg Consumo preferente: antes de 7 d\u00edas  &nbsp;  &nbsp;  &nbsp;\" \/>\n<meta property=\"og:url\" content=\"https:\/\/bouchequirit.com\/tienda\/product\/chuleton-la-bouche\/\" \/>\n<meta property=\"og:site_name\" content=\"Tienda La bouche qui rit\" \/>\n<meta property=\"article:modified_time\" content=\"2024-01-15T17:26:29+00:00\" \/>\n<meta property=\"og:image\" content=\"https:\/\/bouchequirit.com\/tienda\/wp-content\/uploads\/2024\/01\/la-bouche-qui-rit-CHULETON-LA-BOUCHE.jpg\" \/>\n\t<meta property=\"og:image:width\" content=\"800\" \/>\n\t<meta property=\"og:image:height\" content=\"800\" \/>\n\t<meta property=\"og:image:type\" content=\"image\/jpeg\" \/>\n<meta name=\"twitter:card\" content=\"summary_large_image\" \/>\n<meta name=\"twitter:label1\" content=\"Tiempo de lectura\" \/>\n\t<meta name=\"twitter:data1\" content=\"1 minuto\" \/>\n<script type=\"application\/ld+json\" class=\"yoast-schema-graph\">{\"@context\":\"https:\/\/schema.org\",\"@graph\":[{\"@type\":\"WebPage\",\"@id\":\"https:\/\/bouchequirit.com\/tienda\/product\/chuleton-la-bouche\/\",\"url\":\"https:\/\/bouchequirit.com\/tienda\/product\/chuleton-la-bouche\/\",\"name\":\"CHULET\u00d3N \\\"LA BOUCHE\\\" - Tienda La bouche qui rit\",\"isPartOf\":{\"@id\":\"https:\/\/bouchequirit.com\/tienda\/#website\"},\"datePublished\":\"2024-01-15T17:19:33+00:00\",\"dateModified\":\"2024-01-15T17:26:29+00:00\",\"breadcrumb\":{\"@id\":\"https:\/\/bouchequirit.com\/tienda\/product\/chuleton-la-bouche\/#breadcrumb\"},\"inLanguage\":\"es\",\"potentialAction\":[{\"@type\":\"ReadAction\",\"target\":[\"https:\/\/bouchequirit.com\/tienda\/product\/chuleton-la-bouche\/\"]}]},{\"@type\":\"BreadcrumbList\",\"@id\":\"https:\/\/bouchequirit.com\/tienda\/product\/chuleton-la-bouche\/#breadcrumb\",\"itemListElement\":[{\"@type\":\"ListItem\",\"position\":1,\"name\":\"Portada\",\"item\":\"https:\/\/bouchequirit.com\/tienda\/\"},{\"@type\":\"ListItem\",\"position\":2,\"name\":\"Tienda\",\"item\":\"https:\/\/bouchequirit.com\/tienda\/\"},{\"@type\":\"ListItem\",\"position\":3,\"name\":\"CHULET\u00d3N \u00abLA BOUCHE\u00bb\"}]},{\"@type\":\"WebSite\",\"@id\":\"https:\/\/bouchequirit.com\/tienda\/#website\",\"url\":\"https:\/\/bouchequirit.com\/tienda\/\",\"name\":\"Tienda La bouche qui rit\",\"description\":\"Venta de carne on-line\",\"publisher\":{\"@id\":\"https:\/\/bouchequirit.com\/tienda\/#organization\"},\"potentialAction\":[{\"@type\":\"SearchAction\",\"target\":{\"@type\":\"EntryPoint\",\"urlTemplate\":\"https:\/\/bouchequirit.com\/tienda\/?s={search_term_string}\"},\"query-input\":\"required name=search_term_string\"}],\"inLanguage\":\"es\"},{\"@type\":\"Organization\",\"@id\":\"https:\/\/bouchequirit.com\/tienda\/#organization\",\"name\":\"La bouche qui rit\",\"url\":\"https:\/\/bouchequirit.com\/tienda\/\",\"logo\":{\"@type\":\"ImageObject\",\"inLanguage\":\"es\",\"@id\":\"https:\/\/bouchequirit.com\/tienda\/#\/schema\/logo\/image\/\",\"url\":\"https:\/\/bouchequirit.com\/tienda\/wp-content\/uploads\/2023\/04\/cropped-logo-bouche-qui-rit.png\",\"contentUrl\":\"https:\/\/bouchequirit.com\/tienda\/wp-content\/uploads\/2023\/04\/cropped-logo-bouche-qui-rit.png\",\"width\":100,\"height\":100,\"caption\":\"La bouche qui rit\"},\"image\":{\"@id\":\"https:\/\/bouchequirit.com\/tienda\/#\/schema\/logo\/image\/\"},\"sameAs\":[\"https:\/\/www.instagram.com\/bouchequirit\/\",\"https:\/\/www.youtube.com\/@labouchequirit\"]}]}<\/script>\n<!-- \/ Yoast SEO plugin. -->","yoast_head_json":{"title":"CHULET\u00d3N \"LA BOUCHE\" - Tienda La bouche qui rit","robots":{"index":"index","follow":"follow","max-snippet":"max-snippet:-1","max-image-preview":"max-image-preview:large","max-video-preview":"max-video-preview:-1"},"canonical":"https:\/\/bouchequirit.com\/tienda\/product\/chuleton-la-bouche\/","og_locale":"es_ES","og_type":"article","og_title":"CHULET\u00d3N \"LA BOUCHE\" - Tienda La bouche qui rit","og_description":"Chulet\u00f3n - (al vac\u00edo) 900gr - 1kg Chulet\u00f3n de 30 d\u00edas de maduraci\u00f3n, sabor delicado. Raza seg\u00fan disponibilidad: Limousine o Charolaise o Rubia de Aquitania. Peso aprox. por unidad 900g-1kg Consumo preferente: antes de 7 d\u00edas  &nbsp;  &nbsp;  &nbsp;","og_url":"https:\/\/bouchequirit.com\/tienda\/product\/chuleton-la-bouche\/","og_site_name":"Tienda La bouche qui rit","article_modified_time":"2024-01-15T17:26:29+00:00","og_image":[{"width":800,"height":800,"url":"https:\/\/bouchequirit.com\/tienda\/wp-content\/uploads\/2024\/01\/la-bouche-qui-rit-CHULETON-LA-BOUCHE.jpg","type":"image\/jpeg"}],"twitter_card":"summary_large_image","twitter_misc":{"Tiempo de lectura":"1 minuto"},"schema":{"@context":"https:\/\/schema.org","@graph":[{"@type":"WebPage","@id":"https:\/\/bouchequirit.com\/tienda\/product\/chuleton-la-bouche\/","url":"https:\/\/bouchequirit.com\/tienda\/product\/chuleton-la-bouche\/","name":"CHULET\u00d3N \"LA BOUCHE\" - Tienda La bouche qui rit","isPartOf":{"@id":"https:\/\/bouchequirit.com\/tienda\/#website"},"datePublished":"2024-01-15T17:19:33+00:00","dateModified":"2024-01-15T17:26:29+00:00","breadcrumb":{"@id":"https:\/\/bouchequirit.com\/tienda\/product\/chuleton-la-bouche\/#breadcrumb"},"inLanguage":"es","potentialAction":[{"@type":"ReadAction","target":["https:\/\/bouchequirit.com\/tienda\/product\/chuleton-la-bouche\/"]}]},{"@type":"BreadcrumbList","@id":"https:\/\/bouchequirit.com\/tienda\/product\/chuleton-la-bouche\/#breadcrumb","itemListElement":[{"@type":"ListItem","position":1,"name":"Portada","item":"https:\/\/bouchequirit.com\/tienda\/"},{"@type":"ListItem","position":2,"name":"Tienda","item":"https:\/\/bouchequirit.com\/tienda\/"},{"@type":"ListItem","position":3,"name":"CHULET\u00d3N \u00abLA BOUCHE\u00bb"}]},{"@type":"WebSite","@id":"https:\/\/bouchequirit.com\/tienda\/#website","url":"https:\/\/bouchequirit.com\/tienda\/","name":"Tienda La bouche qui rit","description":"Venta de carne on-line","publisher":{"@id":"https:\/\/bouchequirit.com\/tienda\/#organization"},"potentialAction":[{"@type":"SearchAction","target":{"@type":"EntryPoint","urlTemplate":"https:\/\/bouchequirit.com\/tienda\/?s={search_term_string}"},"query-input":"required name=search_term_string"}],"inLanguage":"es"},{"@type":"Organization","@id":"https:\/\/bouchequirit.com\/tienda\/#organization","name":"La bouche qui rit","url":"https:\/\/bouchequirit.com\/tienda\/","logo":{"@type":"ImageObject","inLanguage":"es","@id":"https:\/\/bouchequirit.com\/tienda\/#\/schema\/logo\/image\/","url":"https:\/\/bouchequirit.com\/tienda\/wp-content\/uploads\/2023\/04\/cropped-logo-bouche-qui-rit.png","contentUrl":"https:\/\/bouchequirit.com\/tienda\/wp-content\/uploads\/2023\/04\/cropped-logo-bouche-qui-rit.png","width":100,"height":100,"caption":"La bouche qui rit"},"image":{"@id":"https:\/\/bouchequirit.com\/tienda\/#\/schema\/logo\/image\/"},"sameAs":["https:\/\/www.instagram.com\/bouchequirit\/","https:\/\/www.youtube.com\/@labouchequirit"]}]}},"_links":{"self":[{"href":"https:\/\/bouchequirit.com\/tienda\/wp-json\/wp\/v2\/product\/1646","targetHints":{"allow":["GET"]}}],"collection":[{"href":"https:\/\/bouchequirit.com\/tienda\/wp-json\/wp\/v2\/product"}],"about":[{"href":"https:\/\/bouchequirit.com\/tienda\/wp-json\/wp\/v2\/types\/product"}],"wp:featuredmedia":[{"embeddable":true,"href":"https:\/\/bouchequirit.com\/tienda\/wp-json\/wp\/v2\/media\/1647"}],"wp:attachment":[{"href":"https:\/\/bouchequirit.com\/tienda\/wp-json\/wp\/v2\/media?parent=1646"}],"wp:term":[{"taxonomy":"product_cat","embeddable":true,"href":"https:\/\/bouchequirit.com\/tienda\/wp-json\/wp\/v2\/product_cat?post=1646"},{"taxonomy":"product_tag","embeddable":true,"href":"https:\/\/bouchequirit.com\/tienda\/wp-json\/wp\/v2\/product_tag?post=1646"}],"curies":[{"name":"wp","href":"https:\/\/api.w.org\/{rel}","templated":true}]}}