{"id":1503,"date":"2023-05-11T15:40:37","date_gmt":"2023-05-11T15:40:37","guid":{"rendered":"https:\/\/bouchequirit.com\/tienda\/?post_type=product&#038;p=1503"},"modified":"2023-05-11T15:43:32","modified_gmt":"2023-05-11T15:43:32","slug":"pollo-crapaudine","status":"publish","type":"product","link":"https:\/\/bouchequirit.com\/tienda\/product\/pollo-crapaudine\/","title":{"rendered":"POLLO &#8220;CRAPAUDINE&#8221;"},"content":{"rendered":"<h3>Pollo entero &#8211; (al vac\u00edo) 1,8kg &#8211; 2 kg<\/h3>\n<p>Pollo entero para horno y brasa. Le quitamos parte de la carcasa para que quede plano y lo marinamos con tomillo, lim\u00f3n y oliva. Un \u00e9xito de marinada!<br \/>\nConsumo preferente: antes de 7 d\u00edas<\/p>\n","protected":false},"excerpt":{"rendered":"<h3>Pollo entero &#8211; (al vac\u00edo) 1,8kg &#8211; 2 kg<\/h3>\n<p>Pollo entero para horno y brasa. Le quitamos parte de la carcasa para que quede plano y lo marinamos con tomillo, lim\u00f3n y oliva. Un \u00e9xito de marinada!<br \/>\nConsumo preferente: antes de 7 d\u00edas<\/p>\n<p>&nbsp;<\/p>\n<p>&nbsp;<\/p>\n<p>&nbsp;<\/p>\n","protected":false},"featured_media":1481,"template":"","meta":[],"product_cat":[69],"product_tag":[],"class_list":["post-1503","product","type-product","status-publish","has-post-thumbnail","hentry","product_cat-pollo"],"yoast_head":"<!-- This site is optimized with the Yoast SEO plugin v21.8 - https:\/\/yoast.com\/wordpress\/plugins\/seo\/ -->\n<title>POLLO &quot;CRAPAUDINE&quot; - Tienda La bouche qui rit<\/title>\n<meta name=\"robots\" content=\"index, follow, max-snippet:-1, max-image-preview:large, max-video-preview:-1\" \/>\n<link rel=\"canonical\" href=\"https:\/\/bouchequirit.com\/tienda\/product\/pollo-crapaudine\/\" \/>\n<meta property=\"og:locale\" content=\"es_ES\" \/>\n<meta property=\"og:type\" content=\"article\" \/>\n<meta property=\"og:title\" content=\"POLLO &quot;CRAPAUDINE&quot; - Tienda La bouche qui rit\" \/>\n<meta property=\"og:description\" content=\"Pollo entero - (al vac\u00edo) 1,8kg - 2 kg Pollo entero para horno y brasa. Le quitamos parte de la carcasa para que quede plano y lo marinamos con tomillo, lim\u00f3n y oliva. Un \u00e9xito de marinada! Consumo preferente: antes de 7 d\u00edas  &nbsp;  &nbsp;  &nbsp;\" \/>\n<meta property=\"og:url\" content=\"https:\/\/bouchequirit.com\/tienda\/product\/pollo-crapaudine\/\" \/>\n<meta property=\"og:site_name\" content=\"Tienda La bouche qui rit\" \/>\n<meta property=\"article:modified_time\" content=\"2023-05-11T15:43:32+00:00\" \/>\n<meta property=\"og:image\" content=\"https:\/\/bouchequirit.com\/tienda\/wp-content\/uploads\/2023\/05\/la-bouche-qui-rit-pollo-crapaudine-01.jpg\" \/>\n\t<meta property=\"og:image:width\" content=\"800\" \/>\n\t<meta property=\"og:image:height\" content=\"800\" \/>\n\t<meta property=\"og:image:type\" content=\"image\/jpeg\" \/>\n<meta name=\"twitter:card\" content=\"summary_large_image\" \/>\n<meta name=\"twitter:label1\" content=\"Tiempo de lectura\" \/>\n\t<meta name=\"twitter:data1\" content=\"1 minuto\" \/>\n<script type=\"application\/ld+json\" class=\"yoast-schema-graph\">{\"@context\":\"https:\/\/schema.org\",\"@graph\":[{\"@type\":\"WebPage\",\"@id\":\"https:\/\/bouchequirit.com\/tienda\/product\/pollo-crapaudine\/\",\"url\":\"https:\/\/bouchequirit.com\/tienda\/product\/pollo-crapaudine\/\",\"name\":\"POLLO \\\"CRAPAUDINE\\\" - Tienda La bouche qui rit\",\"isPartOf\":{\"@id\":\"https:\/\/bouchequirit.com\/tienda\/#website\"},\"datePublished\":\"2023-05-11T15:40:37+00:00\",\"dateModified\":\"2023-05-11T15:43:32+00:00\",\"breadcrumb\":{\"@id\":\"https:\/\/bouchequirit.com\/tienda\/product\/pollo-crapaudine\/#breadcrumb\"},\"inLanguage\":\"es\",\"potentialAction\":[{\"@type\":\"ReadAction\",\"target\":[\"https:\/\/bouchequirit.com\/tienda\/product\/pollo-crapaudine\/\"]}]},{\"@type\":\"BreadcrumbList\",\"@id\":\"https:\/\/bouchequirit.com\/tienda\/product\/pollo-crapaudine\/#breadcrumb\",\"itemListElement\":[{\"@type\":\"ListItem\",\"position\":1,\"name\":\"Portada\",\"item\":\"https:\/\/bouchequirit.com\/tienda\/\"},{\"@type\":\"ListItem\",\"position\":2,\"name\":\"Tienda\",\"item\":\"https:\/\/bouchequirit.com\/tienda\/\"},{\"@type\":\"ListItem\",\"position\":3,\"name\":\"POLLO &#8220;CRAPAUDINE&#8221;\"}]},{\"@type\":\"WebSite\",\"@id\":\"https:\/\/bouchequirit.com\/tienda\/#website\",\"url\":\"https:\/\/bouchequirit.com\/tienda\/\",\"name\":\"Tienda La bouche qui rit\",\"description\":\"Venta de carne on-line\",\"publisher\":{\"@id\":\"https:\/\/bouchequirit.com\/tienda\/#organization\"},\"potentialAction\":[{\"@type\":\"SearchAction\",\"target\":{\"@type\":\"EntryPoint\",\"urlTemplate\":\"https:\/\/bouchequirit.com\/tienda\/?s={search_term_string}\"},\"query-input\":\"required name=search_term_string\"}],\"inLanguage\":\"es\"},{\"@type\":\"Organization\",\"@id\":\"https:\/\/bouchequirit.com\/tienda\/#organization\",\"name\":\"La bouche qui rit\",\"url\":\"https:\/\/bouchequirit.com\/tienda\/\",\"logo\":{\"@type\":\"ImageObject\",\"inLanguage\":\"es\",\"@id\":\"https:\/\/bouchequirit.com\/tienda\/#\/schema\/logo\/image\/\",\"url\":\"https:\/\/bouchequirit.com\/tienda\/wp-content\/uploads\/2023\/04\/cropped-logo-bouche-qui-rit.png\",\"contentUrl\":\"https:\/\/bouchequirit.com\/tienda\/wp-content\/uploads\/2023\/04\/cropped-logo-bouche-qui-rit.png\",\"width\":100,\"height\":100,\"caption\":\"La bouche qui rit\"},\"image\":{\"@id\":\"https:\/\/bouchequirit.com\/tienda\/#\/schema\/logo\/image\/\"},\"sameAs\":[\"https:\/\/www.instagram.com\/bouchequirit\/\",\"https:\/\/www.youtube.com\/@labouchequirit\"]}]}<\/script>\n<!-- \/ Yoast SEO plugin. -->","yoast_head_json":{"title":"POLLO \"CRAPAUDINE\" - Tienda La bouche qui rit","robots":{"index":"index","follow":"follow","max-snippet":"max-snippet:-1","max-image-preview":"max-image-preview:large","max-video-preview":"max-video-preview:-1"},"canonical":"https:\/\/bouchequirit.com\/tienda\/product\/pollo-crapaudine\/","og_locale":"es_ES","og_type":"article","og_title":"POLLO \"CRAPAUDINE\" - Tienda La bouche qui rit","og_description":"Pollo entero - (al vac\u00edo) 1,8kg - 2 kg Pollo entero para horno y brasa. Le quitamos parte de la carcasa para que quede plano y lo marinamos con tomillo, lim\u00f3n y oliva. Un \u00e9xito de marinada! Consumo preferente: antes de 7 d\u00edas  &nbsp;  &nbsp;  &nbsp;","og_url":"https:\/\/bouchequirit.com\/tienda\/product\/pollo-crapaudine\/","og_site_name":"Tienda La bouche qui rit","article_modified_time":"2023-05-11T15:43:32+00:00","og_image":[{"width":800,"height":800,"url":"https:\/\/bouchequirit.com\/tienda\/wp-content\/uploads\/2023\/05\/la-bouche-qui-rit-pollo-crapaudine-01.jpg","type":"image\/jpeg"}],"twitter_card":"summary_large_image","twitter_misc":{"Tiempo de lectura":"1 minuto"},"schema":{"@context":"https:\/\/schema.org","@graph":[{"@type":"WebPage","@id":"https:\/\/bouchequirit.com\/tienda\/product\/pollo-crapaudine\/","url":"https:\/\/bouchequirit.com\/tienda\/product\/pollo-crapaudine\/","name":"POLLO \"CRAPAUDINE\" - Tienda La bouche qui rit","isPartOf":{"@id":"https:\/\/bouchequirit.com\/tienda\/#website"},"datePublished":"2023-05-11T15:40:37+00:00","dateModified":"2023-05-11T15:43:32+00:00","breadcrumb":{"@id":"https:\/\/bouchequirit.com\/tienda\/product\/pollo-crapaudine\/#breadcrumb"},"inLanguage":"es","potentialAction":[{"@type":"ReadAction","target":["https:\/\/bouchequirit.com\/tienda\/product\/pollo-crapaudine\/"]}]},{"@type":"BreadcrumbList","@id":"https:\/\/bouchequirit.com\/tienda\/product\/pollo-crapaudine\/#breadcrumb","itemListElement":[{"@type":"ListItem","position":1,"name":"Portada","item":"https:\/\/bouchequirit.com\/tienda\/"},{"@type":"ListItem","position":2,"name":"Tienda","item":"https:\/\/bouchequirit.com\/tienda\/"},{"@type":"ListItem","position":3,"name":"POLLO &#8220;CRAPAUDINE&#8221;"}]},{"@type":"WebSite","@id":"https:\/\/bouchequirit.com\/tienda\/#website","url":"https:\/\/bouchequirit.com\/tienda\/","name":"Tienda La bouche qui rit","description":"Venta de carne on-line","publisher":{"@id":"https:\/\/bouchequirit.com\/tienda\/#organization"},"potentialAction":[{"@type":"SearchAction","target":{"@type":"EntryPoint","urlTemplate":"https:\/\/bouchequirit.com\/tienda\/?s={search_term_string}"},"query-input":"required name=search_term_string"}],"inLanguage":"es"},{"@type":"Organization","@id":"https:\/\/bouchequirit.com\/tienda\/#organization","name":"La bouche qui rit","url":"https:\/\/bouchequirit.com\/tienda\/","logo":{"@type":"ImageObject","inLanguage":"es","@id":"https:\/\/bouchequirit.com\/tienda\/#\/schema\/logo\/image\/","url":"https:\/\/bouchequirit.com\/tienda\/wp-content\/uploads\/2023\/04\/cropped-logo-bouche-qui-rit.png","contentUrl":"https:\/\/bouchequirit.com\/tienda\/wp-content\/uploads\/2023\/04\/cropped-logo-bouche-qui-rit.png","width":100,"height":100,"caption":"La bouche qui rit"},"image":{"@id":"https:\/\/bouchequirit.com\/tienda\/#\/schema\/logo\/image\/"},"sameAs":["https:\/\/www.instagram.com\/bouchequirit\/","https:\/\/www.youtube.com\/@labouchequirit"]}]}},"_links":{"self":[{"href":"https:\/\/bouchequirit.com\/tienda\/wp-json\/wp\/v2\/product\/1503","targetHints":{"allow":["GET"]}}],"collection":[{"href":"https:\/\/bouchequirit.com\/tienda\/wp-json\/wp\/v2\/product"}],"about":[{"href":"https:\/\/bouchequirit.com\/tienda\/wp-json\/wp\/v2\/types\/product"}],"wp:featuredmedia":[{"embeddable":true,"href":"https:\/\/bouchequirit.com\/tienda\/wp-json\/wp\/v2\/media\/1481"}],"wp:attachment":[{"href":"https:\/\/bouchequirit.com\/tienda\/wp-json\/wp\/v2\/media?parent=1503"}],"wp:term":[{"taxonomy":"product_cat","embeddable":true,"href":"https:\/\/bouchequirit.com\/tienda\/wp-json\/wp\/v2\/product_cat?post=1503"},{"taxonomy":"product_tag","embeddable":true,"href":"https:\/\/bouchequirit.com\/tienda\/wp-json\/wp\/v2\/product_tag?post=1503"}],"curies":[{"name":"wp","href":"https:\/\/api.w.org\/{rel}","templated":true}]}}