{"id":1558,"date":"2023-05-31T11:58:39","date_gmt":"2023-05-31T11:58:39","guid":{"rendered":"https:\/\/bouchequirit.com\/tienda\/?page_id=1558"},"modified":"2023-05-31T12:01:34","modified_gmt":"2023-05-31T12:01:34","slug":"condiciones-de-venta","status":"publish","type":"page","link":"https:\/\/bouchequirit.com\/tienda\/condiciones-de-venta\/","title":{"rendered":"Condiciones de venta"},"content":{"rendered":"\t\t<div data-elementor-type=\"wp-page\" data-elementor-id=\"1558\" class=\"elementor elementor-1558\">\n\t\t\t\t\t\t\t\t\t<section class=\"elementor-section elementor-top-section elementor-element elementor-element-437c2d43 elementor-section-boxed elementor-section-height-default elementor-section-height-default\" data-id=\"437c2d43\" data-element_type=\"section\">\n\t\t\t\t\t\t<div class=\"elementor-container elementor-column-gap-default\">\n\t\t\t\t\t<div class=\"elementor-column elementor-col-100 elementor-top-column elementor-element elementor-element-5e468ed2\" data-id=\"5e468ed2\" data-element_type=\"column\">\n\t\t\t<div class=\"elementor-widget-wrap elementor-element-populated\">\n\t\t\t\t\t\t\t\t<div class=\"elementor-element elementor-element-4fd421f0 elementor-widget elementor-widget-text-editor\" data-id=\"4fd421f0\" data-element_type=\"widget\" data-widget_type=\"text-editor.default\">\n\t\t\t\t<div class=\"elementor-widget-container\">\n\t\t\t<style>\/*! elementor - v3.14.0 - 26-06-2023 *\/\n.elementor-widget-text-editor.elementor-drop-cap-view-stacked .elementor-drop-cap{background-color:#69727d;color:#fff}.elementor-widget-text-editor.elementor-drop-cap-view-framed .elementor-drop-cap{color:#69727d;border:3px solid;background-color:transparent}.elementor-widget-text-editor:not(.elementor-drop-cap-view-default) .elementor-drop-cap{margin-top:8px}.elementor-widget-text-editor:not(.elementor-drop-cap-view-default) .elementor-drop-cap-letter{width:1em;height:1em}.elementor-widget-text-editor .elementor-drop-cap{float:left;text-align:center;line-height:1;font-size:50px}.elementor-widget-text-editor .elementor-drop-cap-letter{display:inline-block}<\/style>\t\t\t\t<p><strong>IDENTIFICACI\u00d3N COMPRADOR\/VENDEDOR<\/strong><\/p><p><strong>Vendedor<\/strong><\/p><p>(\u201cLa Bouche Qui Rit\u201d)<\/p><p>CAT &amp; MO 1329 S.L.<br \/>CIF: B67006049<br \/>Avenida Artur Carbonell, 7 \u2013 08870 Sitges<\/p><p><strong>Comprador<\/strong><\/p><p>El usuario que se registre, consignando sus datos personales en el formulario de compra, una vez haya aceptado las condiciones generales de compra. Para acceder y utilizar el servicio de compra online el usuario debe tener la mayor\u00eda de edad establecida por el orden jur\u00eddico vigente en Espa\u00f1a.<\/p><p>\u00a0<\/p><p><strong>INFORMACI\u00d3N ALIMENTARIA AL CONSUMIDOR<\/strong><\/p><p>De acuerdo al Reglamento UE 1169\/2011, para conocer la composici\u00f3n y los posibles al\u00e9rgenos de alg\u00fan producto, por favor env\u00eda un mensaje mediante el formulario de contacto o llame al +34 681 06 75 44, especificando claramente el producto de tu inter\u00e9s.<\/p><p>\u00a0<\/p><p><strong>ZONAS DE REPARTO &amp; HORARIOS<\/strong><\/p><p><strong>Zonas de reparto a domicilio &amp; tarifa<\/strong><\/p><ul><li>Municipio de Barcelona<\/li><li>Sitges_ 08870<\/li><\/ul><p>Tarifa: 7,95\u20ac<\/p><p>Para env\u00edos a Sant Pere de Ribes_08810 y el resto de la Pen\u00ednsula, por favor llamen al +34 681 06 75 44. Podemos organizar env\u00edos con mensajer\u00eda SEUR Fr\u00edo.<\/p><p>\u00a0<\/p><p><strong>Horario de pedidos<\/strong><\/p><p>SITGES<strong>: <\/strong>tenemos servicio de reparto local de 11:00 a 20:30 de lunes a s\u00e1bado. <strong>Por favor, especifique en el apartado \u201cnotas del pedido\u201d el d\u00eda\/tramo horario dentro de nuestro horario, durante la cual desea recibir su pedido a casa.<\/strong><\/p><p>BARCELONA<strong>: <\/strong>tenemos servicio de reparto local de lunes a s\u00e1bado. Tramos horarios de reparto disponibles: 9.00-11:00\/ 11:00-13:00\/ 13:00-15:00\/ 15:00-17:00\/ 17:00-19:00<\/p><p><strong>Por favor, especifique en el apartado \u201cnotas del pedido\u201d el d\u00eda\/tramo horario dentro de nuestro horario, durante la cual desea recibir su pedido a casa.<\/strong><\/p><p>\u00a0<\/p><p>Los pedidos se han de realizar como m\u00ednimo 2H antes del principio del tramo horario solicitado. Ejemplos: si recibimos un pedido a las 9:30, el primer tramo de reparto disponible ser\u00e1 13.00-15:00. Si desea recibir su pedido de 11:00 a 13:00, tiene que enviar su pedido antes de las 9:00. Si realiza un pedido a las 18:30, su pedido podr\u00e1 ser entregado al d\u00eda siguiente a partir de las 9:00.<\/p><p>\u00a0<\/p><p><strong>VIGENCIA DE PRECIOS<\/strong><\/p><p>Los precios aplicados ser\u00e1n los vigentes para cada producto en la fecha de su incorporaci\u00f3n al pedido y se mantendr\u00e1n durante los 10 d\u00edas siguientes a la fecha de confecci\u00f3n del pedido inicial. Transcurrido este plazo, los precios se actualizar\u00e1n aplicando los vigentes en la fecha en que se acceda a modificar el pedido.<\/p><p>Todos nuestros precios incluyen los impuestos vigentes.<\/p><p>\u00a0<\/p><p><strong>FORMAS DE PAGO<\/strong><\/p><p>Pago seguro y encriptado mediante Redsys.<\/p><p>Admitimos el siguiente medio de pago mediante: Tarjetas bancarias de cr\u00e9dito o d\u00e9bito, <strong>incluyendo Amex<\/strong>. Su pedido se considerar\u00e1 realizado con \u00e9xito una vez se haya completado el pago.<\/p><p>\u00a0<\/p><p><strong>CONFIDENCIALIDAD Y PROTECCI\u00d3N DE DATOS<\/strong><\/p><p>CAT &amp; MO 1329 S.L. se compromete a la protecci\u00f3n y confidencialidad de los datos personales de los usuarios de nuestra p\u00e1gina web, quedando alojados en un servidor seguro.<\/p><p>Para acceder y utilizar el servicio de compra online es necesario que facilite los datos personales se\u00f1alados como obligatorios, que tendr\u00e1n que ser exactos y reales. En caso contrario, no podr\u00e1 formalizarse el registro y se podr\u00e1 acceder y utilizar el servicio de compra online.<\/p><p>Los datos ser\u00e1n incorporados a un fichero titularidad de CAT &amp; MO 1329 S.L., con el fin de facilitar la tramitaci\u00f3n de vuestro pedido, siendo utilizados para uso interno y para informar al cliente de productos y servicios con el fin de ofrecerle un trato m\u00e1s personalizado.<\/p><p>Seg\u00fan lo dispuesto en la Ley Org\u00e1nica 15\/1999 de 13 de diciembre, de Protecci\u00f3n de datos de car\u00e1cter personal (LOPD), como cliente de CAT &amp; MO 1329 S.L., puede ejercitar los derechos de acceso, rectificaci\u00f3n, cancelaci\u00f3n y oposici\u00f3n, de sus datos llamando al +34 681 06 7544.<\/p><p>Uso de cookies. Utilizamos \u201ccookies\u201d para mejorar las visitas en nuestro portal y personalizar la navegaci\u00f3n. Los clientes pueden eliminar las cookies desde el navegador.<\/p><p>\u00a0<\/p><p><strong>DEVOLUCIONES. <\/strong><\/p><p>Si el cliente no queda satisfecho con su compra se le devolver\u00e1 el dinero. <strong>Para ello es imprescindible la entrega del producto con el ticket de compra en uno de nuestros puntos de venta<\/strong>: Av. Artur Carbonell, 7 (08870 Sitges) o C\/ Calaf, 44 (08021 Barcelona).<\/p><p>Para cualquier duda sobre devoluciones puede llamar al n\u00famero +34 681 06 75 44 de lunes a s\u00e1bado de 10H a 14:00H o a trav\u00e9s del formulario de atenci\u00f3n al cliente.<\/p><p>\u00a0<\/p><p><strong>ATENCI\u00d3N AL CLIENTE<\/strong><\/p><p>Con objeto de poder ayudar a nuestros clientes de la forma m\u00e1s eficaz posible ponemos a su disposici\u00f3n los siguientes n\u00fameros de tel\u00e9fono y direcci\u00f3n de correo electr\u00f3nico.<\/p><p>Informaci\u00f3n sobre comercio electr\u00f3nico y pedido telef\u00f3nico: +34 681 06 75 44<\/p><p>Para cualquier duda relacionada con nuestras condiciones generales, gu\u00eda de compra o cualquier tipo de informaci\u00f3n relacionada con la compra online o nuestros productos llame al +34 681 06 75 44<\/p><p>Para gestionar quejas o reclamaciones utilice nuestro formulario de contacto o llamando al +34 681 06 75 44<\/p><p>Si necesita m\u00e1s informaci\u00f3n sobre los productos de nuestro surtido puede llamarnos al +34 681 06 75 44<\/p><p>Existen hojas de reclamaciones a disposici\u00f3n del consumidor y usuario. Pueden solicitarlas en nuestros puntos de venta: Av. Artur Carbonell, 7 (08870 Sitges) o C\/ Calaf, 44 (08021 Barcelona).<\/p>\t\t\t\t\t\t<\/div>\n\t\t\t\t<\/div>\n\t\t\t\t\t<\/div>\n\t\t<\/div>\n\t\t\t\t\t\t\t<\/div>\n\t\t<\/section>\n\t\t\t\t\t\t\t<\/div>\n\t\t","protected":false},"excerpt":{"rendered":"<p>IDENTIFICACI\u00d3N COMPRADOR\/VENDEDOR Vendedor (\u201cLa Bouche Qui Rit\u201d) CAT &amp; MO 1329 S.L.CIF: B67006049Avenida Artur Carbonell, 7 \u2013 08870 Sitges Comprador El usuario que se registre, consignando sus datos personales en el formulario de compra, una vez haya aceptado las condiciones generales de compra. Para acceder y utilizar el servicio de compra online el usuario debe <span>&#8230;<\/span><\/p>\n","protected":false},"author":1,"featured_media":0,"parent":0,"menu_order":0,"comment_status":"closed","ping_status":"closed","template":"","meta":{"footnotes":""},"class_list":["post-1558","page","type-page","status-publish","hentry"],"yoast_head":"<!-- This site is optimized with the Yoast SEO plugin v21.8 - https:\/\/yoast.com\/wordpress\/plugins\/seo\/ -->\n<title>Condiciones de venta - Tienda La bouche qui rit<\/title>\n<meta name=\"robots\" content=\"index, follow, max-snippet:-1, max-image-preview:large, max-video-preview:-1\" \/>\n<link rel=\"canonical\" href=\"https:\/\/bouchequirit.com\/tienda\/condiciones-de-venta\/\" \/>\n<meta property=\"og:locale\" content=\"es_ES\" \/>\n<meta property=\"og:type\" content=\"article\" \/>\n<meta property=\"og:title\" content=\"Condiciones de venta - Tienda La bouche qui rit\" \/>\n<meta property=\"og:description\" content=\"IDENTIFICACI\u00d3N COMPRADOR\/VENDEDOR Vendedor (\u201cLa Bouche Qui Rit\u201d) CAT &amp; MO 1329 S.L.CIF: B67006049Avenida Artur Carbonell, 7 \u2013 08870 Sitges Comprador El usuario que se registre, consignando sus datos personales en el formulario de compra, una vez haya aceptado las condiciones generales de compra. Para acceder y utilizar el servicio de compra online el usuario debe ...\" \/>\n<meta property=\"og:url\" content=\"https:\/\/bouchequirit.com\/tienda\/condiciones-de-venta\/\" \/>\n<meta property=\"og:site_name\" content=\"Tienda La bouche qui rit\" \/>\n<meta property=\"article:modified_time\" content=\"2023-05-31T12:01:34+00:00\" \/>\n<meta name=\"twitter:card\" content=\"summary_large_image\" \/>\n<meta name=\"twitter:label1\" content=\"Tiempo de lectura\" \/>\n\t<meta name=\"twitter:data1\" content=\"4 minutos\" \/>\n<script type=\"application\/ld+json\" class=\"yoast-schema-graph\">{\"@context\":\"https:\/\/schema.org\",\"@graph\":[{\"@type\":\"WebPage\",\"@id\":\"https:\/\/bouchequirit.com\/tienda\/condiciones-de-venta\/\",\"url\":\"https:\/\/bouchequirit.com\/tienda\/condiciones-de-venta\/\",\"name\":\"Condiciones de venta - Tienda La bouche qui rit\",\"isPartOf\":{\"@id\":\"https:\/\/bouchequirit.com\/tienda\/#website\"},\"datePublished\":\"2023-05-31T11:58:39+00:00\",\"dateModified\":\"2023-05-31T12:01:34+00:00\",\"breadcrumb\":{\"@id\":\"https:\/\/bouchequirit.com\/tienda\/condiciones-de-venta\/#breadcrumb\"},\"inLanguage\":\"es\",\"potentialAction\":[{\"@type\":\"ReadAction\",\"target\":[\"https:\/\/bouchequirit.com\/tienda\/condiciones-de-venta\/\"]}]},{\"@type\":\"BreadcrumbList\",\"@id\":\"https:\/\/bouchequirit.com\/tienda\/condiciones-de-venta\/#breadcrumb\",\"itemListElement\":[{\"@type\":\"ListItem\",\"position\":1,\"name\":\"Portada\",\"item\":\"https:\/\/bouchequirit.com\/tienda\/\"},{\"@type\":\"ListItem\",\"position\":2,\"name\":\"Condiciones de venta\"}]},{\"@type\":\"WebSite\",\"@id\":\"https:\/\/bouchequirit.com\/tienda\/#website\",\"url\":\"https:\/\/bouchequirit.com\/tienda\/\",\"name\":\"Tienda La bouche qui rit\",\"description\":\"Venta de carne on-line\",\"publisher\":{\"@id\":\"https:\/\/bouchequirit.com\/tienda\/#organization\"},\"potentialAction\":[{\"@type\":\"SearchAction\",\"target\":{\"@type\":\"EntryPoint\",\"urlTemplate\":\"https:\/\/bouchequirit.com\/tienda\/?s={search_term_string}\"},\"query-input\":\"required name=search_term_string\"}],\"inLanguage\":\"es\"},{\"@type\":\"Organization\",\"@id\":\"https:\/\/bouchequirit.com\/tienda\/#organization\",\"name\":\"La bouche qui rit\",\"url\":\"https:\/\/bouchequirit.com\/tienda\/\",\"logo\":{\"@type\":\"ImageObject\",\"inLanguage\":\"es\",\"@id\":\"https:\/\/bouchequirit.com\/tienda\/#\/schema\/logo\/image\/\",\"url\":\"https:\/\/bouchequirit.com\/tienda\/wp-content\/uploads\/2023\/04\/cropped-logo-bouche-qui-rit.png\",\"contentUrl\":\"https:\/\/bouchequirit.com\/tienda\/wp-content\/uploads\/2023\/04\/cropped-logo-bouche-qui-rit.png\",\"width\":100,\"height\":100,\"caption\":\"La bouche qui rit\"},\"image\":{\"@id\":\"https:\/\/bouchequirit.com\/tienda\/#\/schema\/logo\/image\/\"},\"sameAs\":[\"https:\/\/www.instagram.com\/bouchequirit\/\",\"https:\/\/www.youtube.com\/@labouchequirit\"]}]}<\/script>\n<!-- \/ Yoast SEO plugin. -->","yoast_head_json":{"title":"Condiciones de venta - Tienda La bouche qui rit","robots":{"index":"index","follow":"follow","max-snippet":"max-snippet:-1","max-image-preview":"max-image-preview:large","max-video-preview":"max-video-preview:-1"},"canonical":"https:\/\/bouchequirit.com\/tienda\/condiciones-de-venta\/","og_locale":"es_ES","og_type":"article","og_title":"Condiciones de venta - Tienda La bouche qui rit","og_description":"IDENTIFICACI\u00d3N COMPRADOR\/VENDEDOR Vendedor (\u201cLa Bouche Qui Rit\u201d) CAT &amp; MO 1329 S.L.CIF: B67006049Avenida Artur Carbonell, 7 \u2013 08870 Sitges Comprador El usuario que se registre, consignando sus datos personales en el formulario de compra, una vez haya aceptado las condiciones generales de compra. Para acceder y utilizar el servicio de compra online el usuario debe ...","og_url":"https:\/\/bouchequirit.com\/tienda\/condiciones-de-venta\/","og_site_name":"Tienda La bouche qui rit","article_modified_time":"2023-05-31T12:01:34+00:00","twitter_card":"summary_large_image","twitter_misc":{"Tiempo de lectura":"4 minutos"},"schema":{"@context":"https:\/\/schema.org","@graph":[{"@type":"WebPage","@id":"https:\/\/bouchequirit.com\/tienda\/condiciones-de-venta\/","url":"https:\/\/bouchequirit.com\/tienda\/condiciones-de-venta\/","name":"Condiciones de venta - Tienda La bouche qui rit","isPartOf":{"@id":"https:\/\/bouchequirit.com\/tienda\/#website"},"datePublished":"2023-05-31T11:58:39+00:00","dateModified":"2023-05-31T12:01:34+00:00","breadcrumb":{"@id":"https:\/\/bouchequirit.com\/tienda\/condiciones-de-venta\/#breadcrumb"},"inLanguage":"es","potentialAction":[{"@type":"ReadAction","target":["https:\/\/bouchequirit.com\/tienda\/condiciones-de-venta\/"]}]},{"@type":"BreadcrumbList","@id":"https:\/\/bouchequirit.com\/tienda\/condiciones-de-venta\/#breadcrumb","itemListElement":[{"@type":"ListItem","position":1,"name":"Portada","item":"https:\/\/bouchequirit.com\/tienda\/"},{"@type":"ListItem","position":2,"name":"Condiciones de venta"}]},{"@type":"WebSite","@id":"https:\/\/bouchequirit.com\/tienda\/#website","url":"https:\/\/bouchequirit.com\/tienda\/","name":"Tienda La bouche qui rit","description":"Venta de carne on-line","publisher":{"@id":"https:\/\/bouchequirit.com\/tienda\/#organization"},"potentialAction":[{"@type":"SearchAction","target":{"@type":"EntryPoint","urlTemplate":"https:\/\/bouchequirit.com\/tienda\/?s={search_term_string}"},"query-input":"required name=search_term_string"}],"inLanguage":"es"},{"@type":"Organization","@id":"https:\/\/bouchequirit.com\/tienda\/#organization","name":"La bouche qui rit","url":"https:\/\/bouchequirit.com\/tienda\/","logo":{"@type":"ImageObject","inLanguage":"es","@id":"https:\/\/bouchequirit.com\/tienda\/#\/schema\/logo\/image\/","url":"https:\/\/bouchequirit.com\/tienda\/wp-content\/uploads\/2023\/04\/cropped-logo-bouche-qui-rit.png","contentUrl":"https:\/\/bouchequirit.com\/tienda\/wp-content\/uploads\/2023\/04\/cropped-logo-bouche-qui-rit.png","width":100,"height":100,"caption":"La bouche qui rit"},"image":{"@id":"https:\/\/bouchequirit.com\/tienda\/#\/schema\/logo\/image\/"},"sameAs":["https:\/\/www.instagram.com\/bouchequirit\/","https:\/\/www.youtube.com\/@labouchequirit"]}]}},"_links":{"self":[{"href":"https:\/\/bouchequirit.com\/tienda\/wp-json\/wp\/v2\/pages\/1558","targetHints":{"allow":["GET"]}}],"collection":[{"href":"https:\/\/bouchequirit.com\/tienda\/wp-json\/wp\/v2\/pages"}],"about":[{"href":"https:\/\/bouchequirit.com\/tienda\/wp-json\/wp\/v2\/types\/page"}],"author":[{"embeddable":true,"href":"https:\/\/bouchequirit.com\/tienda\/wp-json\/wp\/v2\/users\/1"}],"replies":[{"embeddable":true,"href":"https:\/\/bouchequirit.com\/tienda\/wp-json\/wp\/v2\/comments?post=1558"}],"version-history":[{"count":6,"href":"https:\/\/bouchequirit.com\/tienda\/wp-json\/wp\/v2\/pages\/1558\/revisions"}],"predecessor-version":[{"id":1564,"href":"https:\/\/bouchequirit.com\/tienda\/wp-json\/wp\/v2\/pages\/1558\/revisions\/1564"}],"wp:attachment":[{"href":"https:\/\/bouchequirit.com\/tienda\/wp-json\/wp\/v2\/media?parent=1558"}],"curies":[{"name":"wp","href":"https:\/\/api.w.org\/{rel}","templated":true}]}}